{"id":6201,"date":"2026-05-12T11:10:07","date_gmt":"2026-05-12T11:10:07","guid":{"rendered":"https:\/\/md.corneliucoffymarket.ro\/?post_type=product&#038;p=6201"},"modified":"2026-05-12T11:10:10","modified_gmt":"2026-05-12T11:10:10","slug":"point-decaffeinato","status":"publish","type":"product","link":"https:\/\/md.corneliucoffymarket.ro\/?product=point-decaffeinato","title":{"rendered":"Point DECAFFEINATO"},"content":{"rendered":"<p>Deca sunt realizate pentru cei care vor s\u0103 savureze un espresso<br \/>\nf\u0103r\u0103 cofein\u0103, Ideal\u0103 pentru consumul<br \/>\nde sear\u0103 sau c\u00e2nd vrei o cafea relaxat\u0103.<\/p>\n<p>X100 Capsule<br \/>\nINTENSITATE 6\/10<\/p>\n","protected":false},"excerpt":{"rendered":"<p>Deca sunt realizate pentru cei care vor s\u0103 savureze un espresso f\u0103r\u0103 cofein\u0103, Ideal\u0103 pentru consumul de sear\u0103 sau c\u00e2nd vrei o cafea relaxat\u0103. X100 Capsule INTENSITATE 6\/10<\/p>\n","protected":false},"featured_media":4981,"comment_status":"open","ping_status":"closed","template":"","meta":[],"product_brand":[],"product_cat":[227],"product_tag":[],"class_list":{"0":"post-6201","1":"product","2":"type-product","3":"status-publish","4":"has-post-thumbnail","6":"product_cat-espresso-pointlavazza-point","8":"first","9":"instock","10":"shipping-taxable","11":"purchasable","12":"product-type-simple"},"_links":{"self":[{"href":"https:\/\/md.corneliucoffymarket.ro\/index.php?rest_route=\/wp\/v2\/product\/6201","targetHints":{"allow":["GET"]}}],"collection":[{"href":"https:\/\/md.corneliucoffymarket.ro\/index.php?rest_route=\/wp\/v2\/product"}],"about":[{"href":"https:\/\/md.corneliucoffymarket.ro\/index.php?rest_route=\/wp\/v2\/types\/product"}],"replies":[{"embeddable":true,"href":"https:\/\/md.corneliucoffymarket.ro\/index.php?rest_route=%2Fwp%2Fv2%2Fcomments&post=6201"}],"wp:featuredmedia":[{"embeddable":true,"href":"https:\/\/md.corneliucoffymarket.ro\/index.php?rest_route=\/wp\/v2\/media\/4981"}],"wp:attachment":[{"href":"https:\/\/md.corneliucoffymarket.ro\/index.php?rest_route=%2Fwp%2Fv2%2Fmedia&parent=6201"}],"wp:term":[{"taxonomy":"product_brand","embeddable":true,"href":"https:\/\/md.corneliucoffymarket.ro\/index.php?rest_route=%2Fwp%2Fv2%2Fproduct_brand&post=6201"},{"taxonomy":"product_cat","embeddable":true,"href":"https:\/\/md.corneliucoffymarket.ro\/index.php?rest_route=%2Fwp%2Fv2%2Fproduct_cat&post=6201"},{"taxonomy":"product_tag","embeddable":true,"href":"https:\/\/md.corneliucoffymarket.ro\/index.php?rest_route=%2Fwp%2Fv2%2Fproduct_tag&post=6201"}],"curies":[{"name":"wp","href":"https:\/\/api.w.org\/{rel}","templated":true}]}}