{"id":6183,"date":"2026-05-12T11:09:58","date_gmt":"2026-05-12T11:09:58","guid":{"rendered":"https:\/\/md.corneliucoffymarket.ro\/?post_type=product&#038;p=6183"},"modified":"2026-05-12T11:10:04","modified_gmt":"2026-05-12T11:10:04","slug":"top-dek","status":"publish","type":"product","link":"https:\/\/md.corneliucoffymarket.ro\/?product=top-dek","title":{"rendered":"Top DEK"},"content":{"rendered":"<p>Deca ofer\u0103 gustul autentic al espressoului italian,<br \/>\nf\u0103r\u0103 cofein\u0103, p\u0103str\u00e2nd echilibrul aromatic \u0219i textura<br \/>\npl\u0103cut\u0103 caracteristice gamei TOP. Sunt ideale pentru<br \/>\nseri sau momente lini\u0219tite f\u0103r\u0103 stimulare.<\/p>\n<p>x50 Capsule<br \/>\nIntensitate 6\/11<\/p>\n","protected":false},"excerpt":{"rendered":"<p>Deca ofer\u0103 gustul autentic al espressoului italian, f\u0103r\u0103 cofein\u0103, p\u0103str\u00e2nd echilibrul aromatic \u0219i textura pl\u0103cut\u0103 caracteristice gamei TOP. Sunt ideale pentru seri sau momente lini\u0219tite f\u0103r\u0103 stimulare. x50 Capsule Intensitate 6\/11<\/p>\n","protected":false},"featured_media":4963,"comment_status":"open","ping_status":"closed","template":"","meta":[],"product_brand":[],"product_cat":[226],"product_tag":[],"class_list":{"0":"post-6183","1":"product","2":"type-product","3":"status-publish","4":"has-post-thumbnail","6":"product_cat-blue-e-in-black-2","8":"first","9":"instock","10":"shipping-taxable","11":"purchasable","12":"product-type-simple"},"_links":{"self":[{"href":"https:\/\/md.corneliucoffymarket.ro\/index.php?rest_route=\/wp\/v2\/product\/6183","targetHints":{"allow":["GET"]}}],"collection":[{"href":"https:\/\/md.corneliucoffymarket.ro\/index.php?rest_route=\/wp\/v2\/product"}],"about":[{"href":"https:\/\/md.corneliucoffymarket.ro\/index.php?rest_route=\/wp\/v2\/types\/product"}],"replies":[{"embeddable":true,"href":"https:\/\/md.corneliucoffymarket.ro\/index.php?rest_route=%2Fwp%2Fv2%2Fcomments&post=6183"}],"wp:featuredmedia":[{"embeddable":true,"href":"https:\/\/md.corneliucoffymarket.ro\/index.php?rest_route=\/wp\/v2\/media\/4963"}],"wp:attachment":[{"href":"https:\/\/md.corneliucoffymarket.ro\/index.php?rest_route=%2Fwp%2Fv2%2Fmedia&parent=6183"}],"wp:term":[{"taxonomy":"product_brand","embeddable":true,"href":"https:\/\/md.corneliucoffymarket.ro\/index.php?rest_route=%2Fwp%2Fv2%2Fproduct_brand&post=6183"},{"taxonomy":"product_cat","embeddable":true,"href":"https:\/\/md.corneliucoffymarket.ro\/index.php?rest_route=%2Fwp%2Fv2%2Fproduct_cat&post=6183"},{"taxonomy":"product_tag","embeddable":true,"href":"https:\/\/md.corneliucoffymarket.ro\/index.php?rest_route=%2Fwp%2Fv2%2Fproduct_tag&post=6183"}],"curies":[{"name":"wp","href":"https:\/\/api.w.org\/{rel}","templated":true}]}}