{"id":6075,"date":"2026-05-12T11:08:53","date_gmt":"2026-05-12T11:08:53","guid":{"rendered":"https:\/\/md.corneliucoffymarket.ro\/?post_type=product&#038;p=6075"},"modified":"2026-05-12T11:09:07","modified_gmt":"2026-05-12T11:09:07","slug":"parana-aromatico-2","status":"publish","type":"product","link":"https:\/\/md.corneliucoffymarket.ro\/?product=parana-aromatico-2","title":{"rendered":"Paran\u00e0 (Aromatico)"},"content":{"rendered":"<p>Compozi\u021bia: 100% Arabica<\/p>\n<p>-Capsula con\u021bine 7 gr. de cafea intens\u0103.<\/p>\n<p>Intensitatea:3\/5<\/p>\n","protected":false},"excerpt":{"rendered":"<p><img decoding=\"async\" class=\"alignnone size-medium wp-image-1316\" src=\"https:\/\/thecoffywaymoldova.md\/wp-content\/uploads\/2023\/11\/parana-300x160.png\" alt=\"\" width=\"300\" height=\"160\" \/><\/p>\n<p>Regiunea Braziliei bogat\u0103 \u00een r\u00e2uri, numele deriv\u0103 din cel mai important dintre acestea. O \u00eent\u00e2lnire de arome \u0219i arome de nuci uscate face ca acest amestec s\u0103 fie surprinz\u0103tor \u0219i intrigant. Nota de cacao amar\u0103 este \u00eendr\u0103znea\u021b\u0103 \u00eempreun\u0103 cu celelalte influen\u021be care se armonizeaz\u0103 cu originile nobile Arabica.<\/p>\n","protected":false},"featured_media":4737,"comment_status":"open","ping_status":"closed","template":"","meta":[],"product_brand":[],"product_cat":[202],"product_tag":[],"class_list":{"0":"post-6075","1":"product","2":"type-product","3":"status-publish","4":"has-post-thumbnail","6":"product_cat-a-modo-mio","8":"first","9":"instock","10":"shipping-taxable","11":"purchasable","12":"product-type-simple"},"_links":{"self":[{"href":"https:\/\/md.corneliucoffymarket.ro\/index.php?rest_route=\/wp\/v2\/product\/6075","targetHints":{"allow":["GET"]}}],"collection":[{"href":"https:\/\/md.corneliucoffymarket.ro\/index.php?rest_route=\/wp\/v2\/product"}],"about":[{"href":"https:\/\/md.corneliucoffymarket.ro\/index.php?rest_route=\/wp\/v2\/types\/product"}],"replies":[{"embeddable":true,"href":"https:\/\/md.corneliucoffymarket.ro\/index.php?rest_route=%2Fwp%2Fv2%2Fcomments&post=6075"}],"wp:featuredmedia":[{"embeddable":true,"href":"https:\/\/md.corneliucoffymarket.ro\/index.php?rest_route=\/wp\/v2\/media\/4737"}],"wp:attachment":[{"href":"https:\/\/md.corneliucoffymarket.ro\/index.php?rest_route=%2Fwp%2Fv2%2Fmedia&parent=6075"}],"wp:term":[{"taxonomy":"product_brand","embeddable":true,"href":"https:\/\/md.corneliucoffymarket.ro\/index.php?rest_route=%2Fwp%2Fv2%2Fproduct_brand&post=6075"},{"taxonomy":"product_cat","embeddable":true,"href":"https:\/\/md.corneliucoffymarket.ro\/index.php?rest_route=%2Fwp%2Fv2%2Fproduct_cat&post=6075"},{"taxonomy":"product_tag","embeddable":true,"href":"https:\/\/md.corneliucoffymarket.ro\/index.php?rest_route=%2Fwp%2Fv2%2Fproduct_tag&post=6075"}],"curies":[{"name":"wp","href":"https:\/\/api.w.org\/{rel}","templated":true}]}}